{"id":22,"date":"2024-02-10T22:28:16","date_gmt":"2024-02-10T22:28:16","guid":{"rendered":"https:\/\/apib.esccb.pt\/2023-24\/J\/?page_id=22"},"modified":"2024-02-26T10:18:23","modified_gmt":"2024-02-26T10:18:23","slug":"logotipo-12j","status":"publish","type":"page","link":"https:\/\/apib.esccb.pt\/2023-24\/J\/logotipo-12j\/","title":{"rendered":"Log\u00f3tipo 12\u00baJ"},"content":{"rendered":"<p>Grupo-01<\/p>\r\n<b>Gustavo Faria &#8211; Sim\u00e3o Tinoco<\/b>\r\n<p>\r\n<a href=\"https:\/\/apib.esccb.pt\/2023-24\/J\/wp-content\/uploads\/APIb\/12J\/Grupo01\/Logotipos\/1.pdf\" target=\"_blank\" rel=\"noopener noreferrer\"> <img decoding=\"async\" style=\"border-width: 0px;\" src=\"https:\/\/apib.esccb.pt\/2023-24\/J\/wp-content\/uploads\/pdf.png\" width=\"75\" \/><\/a><a href=\"https:\/\/apib.esccb.pt\/2023-24\/J\/wp-content\/uploads\/APIb\/12J\/Grupo01\/Logotipos\/2.pdf\" target=\"_blank\" rel=\"noopener noreferrer\"> <img decoding=\"async\" style=\"border-width: 0px;\" src=\"https:\/\/apib.esccb.pt\/2023-24\/J\/wp-content\/uploads\/pdf.png\" width=\"75\" \/><\/a><a href=\"https:\/\/apib.esccb.pt\/2023-24\/J\/wp-content\/uploads\/APIb\/12J\/Grupo01\/Logotipos\/3.pdf\" target=\"_blank\" rel=\"noopener noreferrer\"> <img decoding=\"async\" style=\"border-width: 0px;\" src=\"https:\/\/apib.esccb.pt\/2023-24\/J\/wp-content\/uploads\/pdf.png\" width=\"75\" \/><\/a>\r\n\r\n<p>Grupo-02<\/p>\r\n<b>Oleksandr &#8211; Diogo Serra<\/b>\r\n<p>\r\n<a href=\"https:\/\/apib.esccb.pt\/2023-24\/J\/wp-content\/uploads\/APIb\/12J\/Grupo02\/Logotipos\/1.pdf\" target=\"_blank\" rel=\"noopener noreferrer\"> <img decoding=\"async\" style=\"border-width: 0px;\" src=\"https:\/\/apib.esccb.pt\/2023-24\/J\/wp-content\/uploads\/pdf.png\" width=\"75\" \/><\/a><a href=\"https:\/\/apib.esccb.pt\/2023-24\/Jwp-content\/uploads\/APIb\/12J\/Grupo02\/Logotipos\/2.pdf\" target=\"_blank\" rel=\"noopener noreferrer\"> <img decoding=\"async\" style=\"border-width: 0px;\" src=\"https:\/\/apib.esccb.pt\/2023-24\/J\/wp-content\/uploads\/pdf.png\" width=\"75\" \/><\/a><a href=\"https:\/\/apib.esccb.pt\/2023-24\/Jwp-content\/uploads\/APIb\/12J\/Grupo02\/Logotipos\/3.pdf\" target=\"_blank\" rel=\"noopener noreferrer\"> <img decoding=\"async\" style=\"border-width: 0px;\" src=\"https:\/\/apib.esccb.pt\/2023-24\/J\/wp-content\/uploads\/pdf.png\" width=\"75\" \/><\/a>\r\n\r\n<p>Grupo-03<\/p>\r\n<b>Lara Andrade -R\u00faben S\u00e1 &#8211; Rodrigo Moura<\/b>\r\n<p>\r\n<a href=\"https:\/\/apib.esccb.pt\/2023-24\/J\/wp-content\/uploads\/APIb\/12J\/Grupo03\/Logotipos\/1.pdf\" target=\"_blank\" rel=\"noopener noreferrer\"> <img decoding=\"async\" style=\"border-width: 0px;\" src=\"https:\/\/apib.esccb.pt\/2023-24\/J\/wp-content\/uploads\/pdf.png\" width=\"75\" \/><\/a><a href=\"https:\/\/apib.esccb.pt\/2023-24\/J\/wp-content\/uploads\/APIb\/12J\/Grupo03\/Logotipos\/2.pdf\" target=\"_blank\" rel=\"noopener noreferrer\"> <img decoding=\"async\" style=\"border-width: 0px;\" src=\"https:\/\/apib.esccb.pt\/2023-24\/J\/wp-content\/uploads\/pdf.png\" width=\"75\" \/><\/a><a href=\"https:\/\/apib.esccb.pt\/2023-24\/J\/wp-content\/uploads\/APIb\/12J\/Grupo03\/Logotipos\/3.pdf\" target=\"_blank\" rel=\"noopener noreferrer\"> <img decoding=\"async\" style=\"border-width: 0px;\" src=\"https:\/\/apib.esccb.pt\/2023-24\/J\/wp-content\/uploads\/pdf.png\" width=\"75\" \/><\/a><p><\/p>\r\n\r\n<p>Grupo-04<\/p>\r\n<b>Vasco Carvalho &#8211; Eduardo Lucas<\/b>\r\n<p>\r\n<a href=\"https:\/\/apib.esccb.pt\/2023-24\/J\/wp-content\/uploads\/APIb\/12J\/Grupo04\/Logotipos\/1.pdf\" target=\"_blank\" rel=\"noopener noreferrer\"> <img decoding=\"async\" style=\"border-width: 0px;\" src=\"https:\/\/apib.esccb.pt\/2023-24\/J\/wp-content\/uploads\/pdf.png\" width=\"75\" \/><\/a><a href=\"https:\/\/apib.esccb.pt\/2023-24\/J\/wp-content\/uploads\/APIb\/12J\/Grupo04\/Logotipos\/2.pdf\" target=\"_blank\" rel=\"noopener noreferrer\"> <img decoding=\"async\" style=\"border-width: 0px;\" src=\"https:\/\/apib.esccb.pt\/2023-24\/J\/wp-content\/uploads\/pdf.png\" width=\"75\" \/><\/a><a href=\"https:\/\/apib.esccb.pt\/2023-24\/J\/wp-content\/uploads\/APIb\/12J\/Grupo04\/Logotipos\/3.pdf\" target=\"_blank\" rel=\"noopener noreferrer\"> <img decoding=\"async\" style=\"border-width: 0px;\" src=\"https:\/\/apib.esccb.pt\/2023-24\/J\/wp-content\/uploads\/pdf.png\" width=\"75\" \/><\/a><p><\/p>\r\n\r\n<p>Grupo-05<\/p>\r\n<b>Sofia Fernandes &#8211; Beatriz Cortez<\/b>\r\n<p>\r\n<a href=\"https:\/\/apib.esccb.pt\/2023-24\/J\/wp-content\/uploads\/APIb\/12J\/Grupo05\/Logotipos\/1.pdf\" target=\"_blank\" rel=\"noopener noreferrer\"> <img decoding=\"async\" style=\"border-width: 0px;\" src=\"https:\/\/apib.esccb.pt\/2023-24\/J\/wp-content\/uploads\/pdf.png\" width=\"75\" \/><\/a><a href=\"https:\/\/apib.esccb.pt\/2023-24\/J\/wp-content\/uploads\/APIb\/12J\/Grupo05\/Logotipos\/2.pdf\" target=\"_blank\" rel=\"noopener noreferrer\"> <img decoding=\"async\" style=\"border-width: 0px;\" src=\"https:\/\/apib.esccb.pt\/2023-24\/J\/wp-content\/uploads\/pdf.png\" width=\"75\" \/><\/a><a href=\"https:\/\/apib.esccb.pt\/2023-24\/J\/wp-content\/uploads\/APIb\/12J\/Grupo05\/Logotipos\/3.pdf\" target=\"_blank\" rel=\"noopener noreferrer\"> <img decoding=\"async\" style=\"border-width: 0px;\" src=\"https:\/\/apib.esccb.pt\/2023-24\/J\/wp-content\/uploads\/pdf.png\" width=\"75\" \/><\/a><p><\/p>\r\n\r\n<p>Grupo-06<\/p>\r\n<b>Sim\u00e3o Mendes &#8211; Gabriela Serino<\/b>\r\n<p>\r\n<a href=\"https:\/\/apib.esccb.pt\/2023-24\/J\/wp-content\/uploads\/APIb\/12J\/Grupo06\/Logotipos\/1.pdf\" target=\"_blank\" rel=\"noopener noreferrer\"> <img decoding=\"async\" style=\"border-width: 0px;\" src=\"https:\/\/apib.esccb.pt\/2023-24\/J\/wp-content\/uploads\/pdf.png\" width=\"75\" \/><\/a><a href=\"https:\/\/apib.esccb.pt\/2023-24\/J\/wp-content\/uploads\/APIb\/12J\/Grupo06\/Logotipos\/2.pdf\" target=\"_blank\" rel=\"noopener noreferrer\"> <img decoding=\"async\" style=\"border-width: 0px;\" src=\"https:\/\/apib.esccb.pt\/2023-24\/J\/wp-content\/uploads\/pdf.png\" width=\"75\" \/><\/a><a href=\"https:\/\/apib.esccb.pt\/2023-24\/J\/wp-content\/uploads\/APIb\/12J\/Grupo06\/Logotipos\/3.pdf\" target=\"_blank\" rel=\"noopener noreferrer\"> <img decoding=\"async\" style=\"border-width: 0px;\" src=\"https:\/\/apib.esccb.pt\/2023-24\/J\/wp-content\/uploads\/pdf.png\" width=\"75\" \/><\/a><p><\/p>\r\n\r\n<p>Grupo-07<\/p>\r\n<b>Daniel Tryhub &#8211; Cla\u00fadio Silva<\/b>\r\n<p>\r\n<a href=\"https:\/\/apib.esccb.pt\/2023-24\/J\/wp-content\/uploads\/APIb\/12J\/Grupo07\/Logotipos\/1.pdf\" target=\"_blank\" rel=\"noopener noreferrer\"> <img decoding=\"async\" style=\"border-width: 0px;\" src=\"https:\/\/apib.esccb.pt\/2023-24\/J\/wp-content\/uploads\/pdf.png\" width=\"75\" \/><\/a><a href=\"https:\/\/apib.esccb.pt\/2023-24\/J\/wp-content\/uploads\/APIb\/12J\/Grupo07\/Logotipos\/2.pdf\" target=\"_blank\" rel=\"noopener noreferrer\"> <img decoding=\"async\" style=\"border-width: 0px;\" src=\"https:\/\/apib.esccb.pt\/2023-24\/J\/wp-content\/uploads\/pdf.png\" width=\"75\" \/><\/a><a href=\"https:\/\/apib.esccb.pt\/2023-24\/J\/wp-content\/uploads\/APIb\/12J\/Grupo07\/Logotipos\/3.pdf\" target=\"_blank\" rel=\"noopener noreferrer\"> <img decoding=\"async\" style=\"border-width: 0px;\" src=\"https:\/\/apib.esccb.pt\/2023-24\/J\/wp-content\/uploads\/pdf.png\" width=\"75\" \/><\/a><p><\/p>\r\n\r\n<p>Grupo-08<\/p>\r\n<b>Laura Esteves &#8211; Mariana Pereira<\/b>\r\n<p>\r\n<a href=\"https:\/\/apib.esccb.pt\/2023-24\/J\/wp-content\/uploads\/APIb\/12J\/Grupo08\/Logotipos\/1.pdf\" target=\"_blank\" rel=\"noopener noreferrer\"> <img decoding=\"async\" style=\"border-width: 0px;\" src=\"https:\/\/apib.esccb.pt\/2023-24\/J\/wp-content\/uploads\/pdf.png\" width=\"75\" \/><\/a><a href=\"https:\/\/apib.esccb.pt\/2023-24\/J\/wp-content\/uploads\/APIb\/12J\/Grupo08\/Logotipos\/2.pdf\" target=\"_blank\" rel=\"noopener noreferrer\"> <img decoding=\"async\" style=\"border-width: 0px;\" src=\"https:\/\/apib.esccb.pt\/2023-24\/J\/wp-content\/uploads\/pdf.png\" width=\"75\" \/><\/a><a href=\"https:\/\/apib.esccb.pt\/2023-24\/J\/wp-content\/uploads\/APIb\/12J\/Grupo08\/Logotipos\/3.pdf\" target=\"_blank\" rel=\"noopener noreferrer\"> <img decoding=\"async\" style=\"border-width: 0px;\" src=\"https:\/\/apib.esccb.pt\/2023-24\/J\/wp-content\/uploads\/pdf.png\" width=\"75\" \/><\/a><p><\/p>\r\n\r\n<p><\/p>Grupo-09<\/p>\r\n<b>Merc\u00eas Faria &#8211; In\u00eas Ferreira<\/b>\r\n<p>\r\n<a href=\"https:\/\/apib.esccb.pt\/2023-24\/J\/wp-content\/uploads\/APIb\/12J\/Grupo09\/Logotipos\/1.pdf\" target=\"_blank\" rel=\"noopener noreferrer\"> <img decoding=\"async\" style=\"border-width: 0px;\" src=\"https:\/\/apib.esccb.pt\/2023-24\/J\/wp-content\/uploads\/pdf.png\" width=\"75\" \/><\/a><a href=\"https:\/\/apib.esccb.pt\/2023-24\/J\/wp-content\/uploads\/APIb\/12J\/Grupo09\/Logotipos\/2.pdf\" target=\"_blank\" rel=\"noopener noreferrer\"> <img decoding=\"async\" style=\"border-width: 0px;\" src=\"https:\/\/apib.esccb.pt\/2023-24\/J\/wp-content\/uploads\/pdf.png\" width=\"75\" \/><\/a><a href=\"https:\/\/apib.esccb.pt\/2023-24\/J\/wp-content\/uploads\/APIb\/12J\/Grupo09\/Logotipos\/3.pdf\" target=\"_blank\" rel=\"noopener noreferrer\"> <img decoding=\"async\" style=\"border-width: 0px;\" src=\"https:\/\/apib.esccb.pt\/2023-24\/J\/wp-content\/uploads\/pdf.png\" width=\"75\" \/><\/a><p><\/p>\r\n\r\n<p>Grupo-10<\/p>\r\n<b>B\u00e1rbara Moreira &#8211; Margarida Costa &#8211; Catarina Oliveira<\/b>\r\n<p>\r\n<a href=\"https:\/\/apib.esccb.pt\/2023-24\/J\/wp-content\/uploads\/APIb\/12J\/Grupo10\/Logotipos\/1.pdf\" target=\"_blank\" rel=\"noopener noreferrer\"> <img decoding=\"async\" style=\"border-width: 0px;\" src=\"https:\/\/apib.esccb.pt\/2023-24\/J\/wp-content\/uploads\/pdf.png\" width=\"75\" \/><\/a><a href=\"https:\/\/apib.esccb.pt\/2023-24\/J\/wp-content\/uploads\/APIb\/12J\/Grupo10\/Logotipos\/2.pdf\" target=\"_blank\" rel=\"noopener noreferrer\"> <img decoding=\"async\" style=\"border-width: 0px;\" src=\"https:\/\/apib.esccb.pt\/2023-24\/J\/wp-content\/uploads\/pdf.png\" width=\"75\" \/><\/a><a href=\"https:\/\/apib.esccb.pt\/2023-24\/J\/wp-content\/uploads\/APIb\/12J\/Grupo10\/Logotipos\/3.pdf\" target=\"_blank\" rel=\"noopener noreferrer\"> <img decoding=\"async\" style=\"border-width: 0px;\" src=\"https:\/\/apib.esccb.pt\/2023-24\/J\/wp-content\/uploads\/pdf.png\" width=\"75\" \/><\/a><p><\/p>\r\n\r\n<p>Grupo-11<\/p>\r\n<b>Artur Ferreira &#8211; Ricardo Lima<\/b>\r\n<p>\r\n<a href=\"https:\/\/apib.esccb.pt\/2023-24\/J\/wp-content\/uploads\/APIb\/12J\/Grupo11\/Logotipos\/1.pdf\" target=\"_blank\" rel=\"noopener noreferrer\"> <img decoding=\"async\" style=\"border-width: 0px;\" src=\"https:\/\/apib.esccb.pt\/2023-24\/J\/wp-content\/uploads\/pdf.png\" width=\"75\" \/><\/a><a href=\"https:\/\/apib.esccb.pt\/2023-24\/J\/wp-content\/uploads\/APIb\/12J\/Grupo11\/Logotipos\/2.pdf\" target=\"_blank\" rel=\"noopener noreferrer\"> <img decoding=\"async\" style=\"border-width: 0px;\" src=\"https:\/\/apib.esccb.pt\/2023-24\/J\/wp-content\/uploads\/pdf.png\" width=\"75\" \/><\/a><a href=\"https:\/\/apib.esccb.pt\/2023-24\/J\/wp-content\/uploads\/APIb\/12J\/Grupo11\/Logotipos\/3.pdf\" target=\"_blank\" rel=\"noopener noreferrer\"> <img decoding=\"async\" style=\"border-width: 0px;\" src=\"https:\/\/apib.esccb.pt\/2023-24\/J\/wp-content\/uploads\/pdf.png\" width=\"75\" \/><\/a><p><\/p>\r\n","protected":false},"excerpt":{"rendered":"<p>Grupo-01 Gustavo Faria &#8211; Sim\u00e3o Tinoco Grupo-02 Oleksandr &#8211; Diogo Serra Grupo-03 Lara Andrade -R\u00faben S\u00e1 &#8211; Rodrigo Moura Grupo-04 Vasco Carvalho &#8211; Eduardo Lucas Grupo-05 Sofia Fernandes &#8211; Beatriz Cortez Grupo-06 Sim\u00e3o Mendes &#8211; Gabriela Serino Grupo-07 Daniel Tryhub &#8211; Cla\u00fadio Silva Grupo-08 Laura Esteves &#8211; Mariana Pereira Grupo-09 Merc\u00eas Faria &#8211; In\u00eas Ferreira [&hellip;]<\/p>\n","protected":false},"author":2,"featured_media":0,"parent":0,"menu_order":0,"comment_status":"closed","ping_status":"closed","template":"","meta":{"footnotes":""},"class_list":["post-22","page","type-page","status-publish","hentry"],"_links":{"self":[{"href":"https:\/\/apib.esccb.pt\/2023-24\/J\/wp-json\/wp\/v2\/pages\/22","targetHints":{"allow":["GET"]}}],"collection":[{"href":"https:\/\/apib.esccb.pt\/2023-24\/J\/wp-json\/wp\/v2\/pages"}],"about":[{"href":"https:\/\/apib.esccb.pt\/2023-24\/J\/wp-json\/wp\/v2\/types\/page"}],"author":[{"embeddable":true,"href":"https:\/\/apib.esccb.pt\/2023-24\/J\/wp-json\/wp\/v2\/users\/2"}],"replies":[{"embeddable":true,"href":"https:\/\/apib.esccb.pt\/2023-24\/J\/wp-json\/wp\/v2\/comments?post=22"}],"version-history":[{"count":7,"href":"https:\/\/apib.esccb.pt\/2023-24\/J\/wp-json\/wp\/v2\/pages\/22\/revisions"}],"predecessor-version":[{"id":75,"href":"https:\/\/apib.esccb.pt\/2023-24\/J\/wp-json\/wp\/v2\/pages\/22\/revisions\/75"}],"wp:attachment":[{"href":"https:\/\/apib.esccb.pt\/2023-24\/J\/wp-json\/wp\/v2\/media?parent=22"}],"curies":[{"name":"wp","href":"https:\/\/api.w.org\/{rel}","templated":true}]}}