{"id":28,"date":"2024-02-10T22:33:53","date_gmt":"2024-02-10T22:33:53","guid":{"rendered":"https:\/\/apib.esccb.pt\/2023-24\/J\/?page_id=28"},"modified":"2024-03-21T14:32:54","modified_gmt":"2024-03-21T14:32:54","slug":"som-12j","status":"publish","type":"page","link":"https:\/\/apib.esccb.pt\/2023-24\/J\/som-12j\/","title":{"rendered":"Som 12\u00baJ"},"content":{"rendered":"<p>Grupo-01<\/p>\r\n<b>Gustavo Faria &#8211; Sim\u00e3o Tinoco<\/b>\r\n<p>\r\n<img decoding=\"async\" src=\"https:\/\/apib.esccb.pt\/2023-24\/J\/wp-content\/uploads\/APIb\/12J\/Grupo01\/Som\/LOOP.png\">\r\n\r\n<div class=\"sc_fancy_player_container\"><audio class=\"wp-audio-shortcode\" id=\"audio-28-1\" loop preload=\"none\" style=\"width: 100%;\" controls=\"controls\"><source type=\"audio\/wav\" src=\"https:\/\/apib.esccb.pt\/2023-24\/J\/wp-content\/uploads\/APIb\/12J\/Grupo01\/Som\/LOOP.wav?_=1\" \/><a href=\"https:\/\/apib.esccb.pt\/2023-24\/J\/wp-content\/uploads\/APIb\/12J\/Grupo01\/Som\/LOOP.wav\">https:\/\/apib.esccb.pt\/2023-24\/J\/wp-content\/uploads\/APIb\/12J\/Grupo01\/Som\/LOOP.wav<\/a><\/audio><\/div>\r\n<\/br>\r\n\r\n<img decoding=\"async\" src=\"https:\/\/apib.esccb.pt\/2023-24\/J\/wp-content\/uploads\/APIb\/12J\/Grupo01\/Som\/MultiTrack.png\">\r\n\r\n<div class=\"sc_fancy_player_container\"><audio class=\"wp-audio-shortcode\" id=\"audio-28-2\" loop preload=\"none\" style=\"width: 100%;\" controls=\"controls\"><source type=\"audio\/mpeg\" src=\"https:\/\/apib.esccb.pt\/2023-24\/J\/wp-content\/uploads\/APIb\/12J\/Grupo01\/Som\/multitrack.mp3?_=2\" \/><a href=\"https:\/\/apib.esccb.pt\/2023-24\/J\/wp-content\/uploads\/APIb\/12J\/Grupo01\/Som\/multitrack.mp3\">https:\/\/apib.esccb.pt\/2023-24\/J\/wp-content\/uploads\/APIb\/12J\/Grupo01\/Som\/multitrack.mp3<\/a><\/audio><\/div>\r\n<br>\r\n\r\n<p>Grupo-02<\/p>\r\n<b>Oleksandr &#8211; Diogo Serra<\/b>\r\n<p>\r\n<img decoding=\"async\" src=\"https:\/\/apib.esccb.pt\/2023-24\/J\/wp-content\/uploads\/APIb\/12J\/Grupo02\/Som\/LOOP.png\">\r\n\r\n<div class=\"sc_fancy_player_container\"><audio class=\"wp-audio-shortcode\" id=\"audio-28-3\" loop preload=\"none\" style=\"width: 100%;\" controls=\"controls\"><source type=\"audio\/wav\" src=\"https:\/\/apib.esccb.pt\/2023-24\/J\/wp-content\/uploads\/APIb\/12J\/Grupo02\/Som\/LOOP.wav?_=3\" \/><a href=\"https:\/\/apib.esccb.pt\/2023-24\/J\/wp-content\/uploads\/APIb\/12J\/Grupo02\/Som\/LOOP.wav\">https:\/\/apib.esccb.pt\/2023-24\/J\/wp-content\/uploads\/APIb\/12J\/Grupo02\/Som\/LOOP.wav<\/a><\/audio><\/div>\r\n<\/br>\r\n\r\n<img decoding=\"async\" src=\"https:\/\/apib.esccb.pt\/2023-24\/J\/wp-content\/uploads\/APIb\/12J\/Grupo02\/Som\/MultiTrack.png\">\r\n\r\n<div class=\"sc_fancy_player_container\"><audio class=\"wp-audio-shortcode\" id=\"audio-28-4\" loop preload=\"none\" style=\"width: 100%;\" controls=\"controls\"><source type=\"audio\/mpeg\" src=\"https:\/\/apib.esccb.pt\/2023-24\/J\/wp-content\/uploads\/APIb\/12J\/Grupo02\/Som\/multitrack.mp3?_=4\" \/><a href=\"https:\/\/apib.esccb.pt\/2023-24\/J\/wp-content\/uploads\/APIb\/12J\/Grupo02\/Som\/multitrack.mp3\">https:\/\/apib.esccb.pt\/2023-24\/J\/wp-content\/uploads\/APIb\/12J\/Grupo02\/Som\/multitrack.mp3<\/a><\/audio><\/div>\r\n<br>\r\n\r\n<p>Grupo-03<\/p>\r\n<b>Lara Andrade -R\u00faben S\u00e1 &#8211; Rodrigo Moura<\/b>\r\n<p>\r\n<img decoding=\"async\" src=\"https:\/\/apib.esccb.pt\/2023-24\/J\/wp-content\/uploads\/APIb\/12J\/Grupo03\/Som\/LOOP.png\">\r\n\r\n<div class=\"sc_fancy_player_container\"><audio class=\"wp-audio-shortcode\" id=\"audio-28-5\" loop preload=\"none\" style=\"width: 100%;\" controls=\"controls\"><source type=\"audio\/wav\" src=\"https:\/\/apib.esccb.pt\/2023-24\/J\/wp-content\/uploads\/APIb\/12J\/Grupo03\/Som\/LOOP.wav?_=5\" \/><a href=\"https:\/\/apib.esccb.pt\/2023-24\/J\/wp-content\/uploads\/APIb\/12J\/Grupo03\/Som\/LOOP.wav\">https:\/\/apib.esccb.pt\/2023-24\/J\/wp-content\/uploads\/APIb\/12J\/Grupo03\/Som\/LOOP.wav<\/a><\/audio><\/div>\r\n<\/br>\r\n\r\n<img decoding=\"async\" src=\"https:\/\/apib.esccb.pt\/2023-24\/J\/wp-content\/uploads\/APIb\/12J\/Grupo03\/Som\/MultiTrack.png\">\r\n\r\n<div class=\"sc_fancy_player_container\"><audio class=\"wp-audio-shortcode\" id=\"audio-28-6\" loop preload=\"none\" style=\"width: 100%;\" controls=\"controls\"><source type=\"audio\/mpeg\" src=\"https:\/\/apib.esccb.pt\/2023-24\/J\/wp-content\/uploads\/APIb\/12J\/Grupo03\/Som\/MultiTrack.mp3?_=6\" \/><a href=\"https:\/\/apib.esccb.pt\/2023-24\/J\/wp-content\/uploads\/APIb\/12J\/Grupo03\/Som\/MultiTrack.mp3\">https:\/\/apib.esccb.pt\/2023-24\/J\/wp-content\/uploads\/APIb\/12J\/Grupo03\/Som\/MultiTrack.mp3<\/a><\/audio><\/div>\r\n<br>\r\n\r\n<p>Grupo-04<\/p>\r\n<b>Vasco Carvalho &#8211; Eduardo Lucas<\/b>\r\n<p>\r\n<img decoding=\"async\" src=\"https:\/\/apib.esccb.pt\/2023-24\/J\/wp-content\/uploads\/APIb\/12J\/Grupo04\/Som\/LOOP.png\">\r\n\r\n<div class=\"sc_fancy_player_container\"><audio class=\"wp-audio-shortcode\" id=\"audio-28-7\" loop preload=\"none\" style=\"width: 100%;\" controls=\"controls\"><source type=\"audio\/wav\" src=\"https:\/\/apib.esccb.pt\/2023-24\/J\/wp-content\/uploads\/APIb\/12J\/Grupo04\/Som\/LOOP.wav?_=7\" \/><a href=\"https:\/\/apib.esccb.pt\/2023-24\/J\/wp-content\/uploads\/APIb\/12J\/Grupo04\/Som\/LOOP.wav\">https:\/\/apib.esccb.pt\/2023-24\/J\/wp-content\/uploads\/APIb\/12J\/Grupo04\/Som\/LOOP.wav<\/a><\/audio><\/div>\r\n<\/br>\r\n\r\n<img decoding=\"async\" src=\"https:\/\/apib.esccb.pt\/2023-24\/J\/wp-content\/uploads\/APIb\/12J\/Grupo04\/Som\/MultiTrack.png\">\r\n\r\n<div class=\"sc_fancy_player_container\"><audio class=\"wp-audio-shortcode\" id=\"audio-28-8\" loop preload=\"none\" style=\"width: 100%;\" controls=\"controls\"><source type=\"audio\/mpeg\" src=\"https:\/\/apib.esccb.pt\/2023-24\/J\/wp-content\/uploads\/APIb\/12J\/Grupo04\/Som\/MultiTrack.mp3?_=8\" \/><a href=\"https:\/\/apib.esccb.pt\/2023-24\/J\/wp-content\/uploads\/APIb\/12J\/Grupo04\/Som\/MultiTrack.mp3\">https:\/\/apib.esccb.pt\/2023-24\/J\/wp-content\/uploads\/APIb\/12J\/Grupo04\/Som\/MultiTrack.mp3<\/a><\/audio><\/div>\r\n<br>\r\n\r\n<p>Grupo-05<\/p>\r\n<b>Sofia Fernandes &#8211; Beatriz Cortez<\/b>\r\n<p>\r\n<img decoding=\"async\" src=\"https:\/\/apib.esccb.pt\/2023-24\/J\/wp-content\/uploads\/APIb\/12J\/Grupo05\/Som\/LOOP.png\">\r\n\r\n<div class=\"sc_fancy_player_container\"><audio class=\"wp-audio-shortcode\" id=\"audio-28-9\" loop preload=\"none\" style=\"width: 100%;\" controls=\"controls\"><source type=\"audio\/wav\" src=\"https:\/\/apib.esccb.pt\/2023-24\/J\/wp-content\/uploads\/APIb\/12J\/Grupo05\/Som\/LOOP.wav?_=9\" \/><a href=\"https:\/\/apib.esccb.pt\/2023-24\/J\/wp-content\/uploads\/APIb\/12J\/Grupo05\/Som\/LOOP.wav\">https:\/\/apib.esccb.pt\/2023-24\/J\/wp-content\/uploads\/APIb\/12J\/Grupo05\/Som\/LOOP.wav<\/a><\/audio><\/div>\r\n<\/br>\r\n\r\n<img decoding=\"async\" src=\"https:\/\/apib.esccb.pt\/2023-24\/J\/wp-content\/uploads\/APIb\/12J\/Grupo05\/Som\/MultiTrack.png\">\r\n\r\n<div class=\"sc_fancy_player_container\"><audio class=\"wp-audio-shortcode\" id=\"audio-28-10\" loop preload=\"none\" style=\"width: 100%;\" controls=\"controls\"><source type=\"audio\/mpeg\" src=\"https:\/\/apib.esccb.pt\/2023-24\/J\/wp-content\/uploads\/APIb\/12J\/Grupo05\/Som\/MultiTrack.mp3?_=10\" \/><a href=\"https:\/\/apib.esccb.pt\/2023-24\/J\/wp-content\/uploads\/APIb\/12J\/Grupo05\/Som\/MultiTrack.mp3\">https:\/\/apib.esccb.pt\/2023-24\/J\/wp-content\/uploads\/APIb\/12J\/Grupo05\/Som\/MultiTrack.mp3<\/a><\/audio><\/div>\r\n<br>\r\n\r\n<p>Grupo-06<\/p>\r\n<b>Sim\u00e3o Mendes &#8211; Gabriela Serino<\/b>\r\n<p>\r\n<img decoding=\"async\" src=\"https:\/\/apib.esccb.pt\/2023-24\/J\/wp-content\/uploads\/APIb\/12J\/Grupo06\/Som\/LOOP.png\">\r\n\r\n<div class=\"sc_fancy_player_container\"><audio class=\"wp-audio-shortcode\" id=\"audio-28-11\" loop preload=\"none\" style=\"width: 100%;\" controls=\"controls\"><source type=\"audio\/wav\" src=\"https:\/\/apib.esccb.pt\/2023-24\/J\/wp-content\/uploads\/APIb\/12J\/Grupo06\/Som\/LOOP.wav?_=11\" \/><a href=\"https:\/\/apib.esccb.pt\/2023-24\/J\/wp-content\/uploads\/APIb\/12J\/Grupo06\/Som\/LOOP.wav\">https:\/\/apib.esccb.pt\/2023-24\/J\/wp-content\/uploads\/APIb\/12J\/Grupo06\/Som\/LOOP.wav<\/a><\/audio><\/div>\r\n<\/br>\r\n\r\n<img decoding=\"async\" src=\"https:\/\/apib.esccb.pt\/2023-24\/J\/wp-content\/uploads\/APIb\/12J\/Grupo06\/Som\/MultiTrack.png\">\r\n\r\n<div class=\"sc_fancy_player_container\"><audio class=\"wp-audio-shortcode\" id=\"audio-28-12\" loop preload=\"none\" style=\"width: 100%;\" controls=\"controls\"><source type=\"audio\/mpeg\" src=\"https:\/\/apib.esccb.pt\/2023-24\/J\/wp-content\/uploads\/APIb\/12J\/Grupo06\/Som\/MultiTrack.mp3?_=12\" \/><a href=\"https:\/\/apib.esccb.pt\/2023-24\/J\/wp-content\/uploads\/APIb\/12J\/Grupo06\/Som\/MultiTrack.mp3\">https:\/\/apib.esccb.pt\/2023-24\/J\/wp-content\/uploads\/APIb\/12J\/Grupo06\/Som\/MultiTrack.mp3<\/a><\/audio><\/div>\r\n<br>\r\n\r\n<p>Grupo-07<\/p>\r\n<b>Daniel Tryhub &#8211; Cla\u00fadio Silva<\/b>\r\n<p>\r\n<img decoding=\"async\" src=\"https:\/\/apib.esccb.pt\/2023-24\/J\/wp-content\/uploads\/APIb\/12J\/Grupo07\/Som\/LOOP.png\">\r\n\r\n<div class=\"sc_fancy_player_container\"><audio class=\"wp-audio-shortcode\" id=\"audio-28-13\" loop preload=\"none\" style=\"width: 100%;\" controls=\"controls\"><source type=\"audio\/wav\" src=\"https:\/\/apib.esccb.pt\/2023-24\/J\/wp-content\/uploads\/APIb\/12J\/Grupo07\/Som\/LOOP.wav?_=13\" \/><a href=\"https:\/\/apib.esccb.pt\/2023-24\/J\/wp-content\/uploads\/APIb\/12J\/Grupo07\/Som\/LOOP.wav\">https:\/\/apib.esccb.pt\/2023-24\/J\/wp-content\/uploads\/APIb\/12J\/Grupo07\/Som\/LOOP.wav<\/a><\/audio><\/div>\r\n<\/br>\r\n\r\n<img decoding=\"async\" src=\"https:\/\/apib.esccb.pt\/2023-24\/J\/wp-content\/uploads\/APIb\/12J\/Grupo07\/Som\/MultiTrack.png\">\r\n\r\n<div class=\"sc_fancy_player_container\"><audio class=\"wp-audio-shortcode\" id=\"audio-28-14\" loop preload=\"none\" style=\"width: 100%;\" controls=\"controls\"><source type=\"audio\/mpeg\" src=\"https:\/\/apib.esccb.pt\/2023-24\/J\/wp-content\/uploads\/APIb\/12J\/Grupo07\/Som\/MultiTrack.mp3?_=14\" \/><a href=\"https:\/\/apib.esccb.pt\/2023-24\/J\/wp-content\/uploads\/APIb\/12J\/Grupo07\/Som\/MultiTrack.mp3\">https:\/\/apib.esccb.pt\/2023-24\/J\/wp-content\/uploads\/APIb\/12J\/Grupo07\/Som\/MultiTrack.mp3<\/a><\/audio><\/div>\r\n<br>\r\n\r\n<p>Grupo-08<\/p>\r\n<b>Laura Esteves &#8211; Mariana Pereira<\/b>\r\n<p>\r\n<img decoding=\"async\" src=\"https:\/\/apib.esccb.pt\/2023-24\/J\/wp-content\/uploads\/APIb\/12J\/Grupo08\/Som\/LOOP.png\">\r\n\r\n<div class=\"sc_fancy_player_container\"><audio class=\"wp-audio-shortcode\" id=\"audio-28-15\" loop preload=\"none\" style=\"width: 100%;\" controls=\"controls\"><source type=\"audio\/wav\" src=\"https:\/\/apib.esccb.pt\/2023-24\/J\/wp-content\/uploads\/APIb\/12J\/Grupo08\/Som\/LOOP.wav?_=15\" \/><a href=\"https:\/\/apib.esccb.pt\/2023-24\/J\/wp-content\/uploads\/APIb\/12J\/Grupo08\/Som\/LOOP.wav\">https:\/\/apib.esccb.pt\/2023-24\/J\/wp-content\/uploads\/APIb\/12J\/Grupo08\/Som\/LOOP.wav<\/a><\/audio><\/div>\r\n<\/br>\r\n\r\n<img decoding=\"async\" src=\"https:\/\/apib.esccb.pt\/2023-24\/J\/wp-content\/uploads\/APIb\/12J\/Grupo08\/Som\/MultiTrack.png\">\r\n\r\n<div class=\"sc_fancy_player_container\"><audio class=\"wp-audio-shortcode\" id=\"audio-28-16\" loop preload=\"none\" style=\"width: 100%;\" controls=\"controls\"><source type=\"audio\/mpeg\" src=\"https:\/\/apib.esccb.pt\/2023-24\/J\/wp-content\/uploads\/APIb\/12J\/Grupo08\/Som\/MultiTrack.mp3?_=16\" \/><a href=\"https:\/\/apib.esccb.pt\/2023-24\/J\/wp-content\/uploads\/APIb\/12J\/Grupo08\/Som\/MultiTrack.mp3\">https:\/\/apib.esccb.pt\/2023-24\/J\/wp-content\/uploads\/APIb\/12J\/Grupo08\/Som\/MultiTrack.mp3<\/a><\/audio><\/div>\r\n<br>\r\n\r\n<p>Grupo-09<\/p>\r\n<b>Merc\u00eas Faria &#8211; In\u00eas Ferreira<\/b>\r\n<p>\r\n<img decoding=\"async\" src=\"https:\/\/apib.esccb.pt\/2023-24\/J\/wp-content\/uploads\/APIb\/12J\/Grupo09\/Som\/LOOP.png\">\r\n\r\n<div class=\"sc_fancy_player_container\"><audio class=\"wp-audio-shortcode\" id=\"audio-28-17\" loop preload=\"none\" style=\"width: 100%;\" controls=\"controls\"><source type=\"audio\/wav\" src=\"https:\/\/apib.esccb.pt\/2023-24\/J\/wp-content\/uploads\/APIb\/12A\/Grupo09\/Som\/LOOP.wav?_=17\" \/><a href=\"https:\/\/apib.esccb.pt\/2023-24\/J\/wp-content\/uploads\/APIb\/12A\/Grupo09\/Som\/LOOP.wav\">https:\/\/apib.esccb.pt\/2023-24\/J\/wp-content\/uploads\/APIb\/12A\/Grupo09\/Som\/LOOP.wav<\/a><\/audio><\/div>\r\n<\/br>\r\n\r\n<img decoding=\"async\" src=\"https:\/\/apib.esccb.pt\/2023-24\/J\/wp-content\/uploads\/APIb\/12J\/Grupo09\/Som\/MultiTrack.png\">\r\n\r\n<div class=\"sc_fancy_player_container\"><audio class=\"wp-audio-shortcode\" id=\"audio-28-18\" loop preload=\"none\" style=\"width: 100%;\" controls=\"controls\"><source type=\"audio\/mpeg\" src=\"https:\/\/apib.esccb.pt\/2023-24\/J\/wp-content\/uploads\/APIb\/12A\/Grupo09\/Som\/MultiTrack.mp3?_=18\" \/><a href=\"https:\/\/apib.esccb.pt\/2023-24\/J\/wp-content\/uploads\/APIb\/12A\/Grupo09\/Som\/MultiTrack.mp3\">https:\/\/apib.esccb.pt\/2023-24\/J\/wp-content\/uploads\/APIb\/12A\/Grupo09\/Som\/MultiTrack.mp3<\/a><\/audio><\/div>\r\n<br>\r\n\r\n<p>Grupo-10<\/p>\r\n<b>B\u00e1rbara Moreira &#8211; Margarida Costa &#8211; Catarina Oliveira<\/b>\r\n<p>\r\n<img decoding=\"async\" src=\"https:\/\/apib.esccb.pt\/2023-24\/J\/wp-content\/uploads\/APIb\/12J\/Grupo10\/Som\/LOOP.png\">\r\n\r\n<div class=\"sc_fancy_player_container\"><audio class=\"wp-audio-shortcode\" id=\"audio-28-19\" loop preload=\"none\" style=\"width: 100%;\" controls=\"controls\"><source type=\"audio\/wav\" src=\"https:\/\/apib.esccb.pt\/2023-24\/J\/wp-content\/uploads\/APIb\/12J\/Grupo10\/Som\/LOOP.wav?_=19\" \/><a href=\"https:\/\/apib.esccb.pt\/2023-24\/J\/wp-content\/uploads\/APIb\/12J\/Grupo10\/Som\/LOOP.wav\">https:\/\/apib.esccb.pt\/2023-24\/J\/wp-content\/uploads\/APIb\/12J\/Grupo10\/Som\/LOOP.wav<\/a><\/audio><\/div>\r\n<\/br>\r\n\r\n<img decoding=\"async\" src=\"https:\/\/apib.esccb.pt\/2023-24\/J\/wp-content\/uploads\/APIb\/12J\/Grupo10\/Som\/MultiTrack.png\">\r\n\r\n<div class=\"sc_fancy_player_container\"><audio class=\"wp-audio-shortcode\" id=\"audio-28-20\" loop preload=\"none\" style=\"width: 100%;\" controls=\"controls\"><source type=\"audio\/mpeg\" src=\"https:\/\/apib.esccb.pt\/2023-24\/J\/wp-content\/uploads\/APIb\/12J\/Grupo10\/Som\/MultiTrack.mp3?_=20\" \/><a href=\"https:\/\/apib.esccb.pt\/2023-24\/J\/wp-content\/uploads\/APIb\/12J\/Grupo10\/Som\/MultiTrack.mp3\">https:\/\/apib.esccb.pt\/2023-24\/J\/wp-content\/uploads\/APIb\/12J\/Grupo10\/Som\/MultiTrack.mp3<\/a><\/audio><\/div>\r\n<br>\r\n\r\n<p>Grupo-11<\/p>\r\n<b>Artur Ferreira &#8211; Ricardo Lima<\/b>\r\n<p>\r\n<img decoding=\"async\" src=\"https:\/\/apib.esccb.pt\/2023-24\/J\/wp-content\/uploads\/APIb\/12J\/Grupo11\/Som\/loop.png\">\r\n\r\n<div class=\"sc_fancy_player_container\"><audio class=\"wp-audio-shortcode\" id=\"audio-28-21\" loop preload=\"none\" style=\"width: 100%;\" controls=\"controls\"><source type=\"audio\/wav\" src=\"https:\/\/apib.esccb.pt\/2023-24\/J\/wp-content\/uploads\/APIb\/12A\/Grupo11\/Som\/loop.wav?_=21\" \/><a href=\"https:\/\/apib.esccb.pt\/2023-24\/J\/wp-content\/uploads\/APIb\/12A\/Grupo11\/Som\/loop.wav\">https:\/\/apib.esccb.pt\/2023-24\/J\/wp-content\/uploads\/APIb\/12A\/Grupo11\/Som\/loop.wav<\/a><\/audio><\/div>\r\n<\/br>\r\n\r\n<img decoding=\"async\" src=\"https:\/\/apib.esccb.pt\/2023-24\/J\/wp-content\/uploads\/APIb\/12J\/Grupo11\/Som\/MultiTrack.png\">\r\n\r\n<div class=\"sc_fancy_player_container\"><audio class=\"wp-audio-shortcode\" id=\"audio-28-22\" loop preload=\"none\" style=\"width: 100%;\" controls=\"controls\"><source type=\"audio\/mpeg\" src=\"https:\/\/apib.esccb.pt\/2023-24\/J\/wp-content\/uploads\/APIb\/12A\/Grupo11\/Som\/MultiTrack.mp3?_=22\" \/><a href=\"https:\/\/apib.esccb.pt\/2023-24\/J\/wp-content\/uploads\/APIb\/12A\/Grupo11\/Som\/MultiTrack.mp3\">https:\/\/apib.esccb.pt\/2023-24\/J\/wp-content\/uploads\/APIb\/12A\/Grupo11\/Som\/MultiTrack.mp3<\/a><\/audio><\/div>\r\n<br>\r\n","protected":false},"excerpt":{"rendered":"<p>Grupo-01 Gustavo Faria &#8211; Sim\u00e3o Tinoco Grupo-02 Oleksandr &#8211; Diogo Serra Grupo-03 Lara Andrade -R\u00faben S\u00e1 &#8211; Rodrigo Moura Grupo-04 Vasco Carvalho &#8211; Eduardo Lucas Grupo-05 Sofia Fernandes &#8211; Beatriz Cortez Grupo-06 Sim\u00e3o Mendes &#8211; Gabriela Serino Grupo-07 Daniel Tryhub &#8211; Cla\u00fadio Silva Grupo-08 Laura Esteves &#8211; Mariana Pereira Grupo-09 Merc\u00eas Faria &#8211; In\u00eas Ferreira [&hellip;]<\/p>\n","protected":false},"author":2,"featured_media":0,"parent":0,"menu_order":0,"comment_status":"closed","ping_status":"closed","template":"","meta":{"footnotes":""},"class_list":["post-28","page","type-page","status-publish","hentry"],"_links":{"self":[{"href":"https:\/\/apib.esccb.pt\/2023-24\/J\/wp-json\/wp\/v2\/pages\/28","targetHints":{"allow":["GET"]}}],"collection":[{"href":"https:\/\/apib.esccb.pt\/2023-24\/J\/wp-json\/wp\/v2\/pages"}],"about":[{"href":"https:\/\/apib.esccb.pt\/2023-24\/J\/wp-json\/wp\/v2\/types\/page"}],"author":[{"embeddable":true,"href":"https:\/\/apib.esccb.pt\/2023-24\/J\/wp-json\/wp\/v2\/users\/2"}],"replies":[{"embeddable":true,"href":"https:\/\/apib.esccb.pt\/2023-24\/J\/wp-json\/wp\/v2\/comments?post=28"}],"version-history":[{"count":4,"href":"https:\/\/apib.esccb.pt\/2023-24\/J\/wp-json\/wp\/v2\/pages\/28\/revisions"}],"predecessor-version":[{"id":84,"href":"https:\/\/apib.esccb.pt\/2023-24\/J\/wp-json\/wp\/v2\/pages\/28\/revisions\/84"}],"wp:attachment":[{"href":"https:\/\/apib.esccb.pt\/2023-24\/J\/wp-json\/wp\/v2\/media?parent=28"}],"curies":[{"name":"wp","href":"https:\/\/api.w.org\/{rel}","templated":true}]}}